{"id":826,"date":"2025-12-22T10:28:19","date_gmt":"2025-12-22T03:28:19","guid":{"rendered":"https:\/\/megafruit.vn\/?post_type=product&#038;p=826"},"modified":"2026-01-27T14:53:06","modified_gmt":"2026-01-27T07:53:06","slug":"day-tay-say-deo","status":"publish","type":"product","link":"https:\/\/www.megafruit.vn\/vi\/product\/day-tay-say-deo\/","title":{"rendered":"D\u00e2y t\u00e2y S\u1ea5y D\u1ebbo"},"content":{"rendered":"<ul>\n<li data-start=\"9374\" data-end=\"9426\">\n<p data-start=\"9376\" data-end=\"9426\">Quy c\u00e1ch \u0111\u00f3ng g\u00f3i: \u0110\u00f3ng g\u00f3i trong t\u00fai PE 0,5kg ho\u1eb7c 01kg, ho\u1eb7c theo y\u00eau c\u1ea7u kh\u00e1ch h\u00e0ng.<\/p>\n<\/li>\n<li data-start=\"9374\" data-end=\"9426\">\n<p data-start=\"9376\" data-end=\"9426\">\u0110i\u1ec1u ki\u1ec7n b\u1ea3o qu\u1ea3n<br \/>\n\u2022 Nhi\u1ec7t \u0111\u1ed9: 5\u201320\u2103<br \/>\n\u2022 N\u01a1i kh\u00f4 r\u00e1o, tho\u00e1ng m\u00e1t, tr\u00e1nh \u00e1nh n\u1eafng tr\u1ef1c ti\u1ebfp.<\/p>\n<\/li>\n<li data-start=\"9374\" data-end=\"9426\">\n<p data-start=\"9376\" data-end=\"9426\">Th\u1eddi h\u1ea1n s\u1eed d\u1ee5ng: 12 th\u00e1ng k\u1ec3 t\u1eeb ng\u00e0y s\u1ea3n xu\u1ea5t.<\/p>\n<\/li>\n<\/ul>\n","protected":false},"excerpt":{"rendered":"<p>D\u00e2u t\u00e2y s\u1ea5y d\u1ebbo \u0111\u01b0\u1ee3c s\u1ea3n xu\u1ea5t t\u1eeb d\u00e2u t\u00e2y t\u01b0\u01a1i, s\u1ea5y \u1edf \u0111i\u1ec1u ki\u1ec7n ki\u1ec3m so\u00e1t nh\u1eb1m gi\u1eef h\u01b0\u01a1ng th\u01a1m t\u1ef1 nhi\u00ean, v\u1ecb chua ng\u1ecdt h\u00e0i h\u00f2a v\u00e0 \u0111\u1ed9 m\u1ec1m d\u1ebbo \u0111\u1eb7c tr\u01b0ng. S\u1ea3n ph\u1ea9m th\u00edch h\u1ee3p d\u00f9ng tr\u1ef1c ti\u1ebfp ho\u1eb7c l\u00e0m nguy\u00ean li\u1ec7u cho ng\u00e0nh th\u1ef1c ph\u1ea9m.<\/p>\n","protected":false},"featured_media":832,"comment_status":"open","ping_status":"closed","template":"","meta":[],"product_brand":[],"product_cat":[39,89],"product_tag":[],"class_list":{"0":"post-826","1":"product","2":"type-product","3":"status-publish","4":"has-post-thumbnail","6":"product_cat-say-deo","7":"product_cat-day-tay-say-deo","9":"first","10":"instock","11":"shipping-taxable","12":"product-type-simple"},"_links":{"self":[{"href":"https:\/\/www.megafruit.vn\/vi\/wp-json\/wp\/v2\/product\/826","targetHints":{"allow":["GET"]}}],"collection":[{"href":"https:\/\/www.megafruit.vn\/vi\/wp-json\/wp\/v2\/product"}],"about":[{"href":"https:\/\/www.megafruit.vn\/vi\/wp-json\/wp\/v2\/types\/product"}],"replies":[{"embeddable":true,"href":"https:\/\/www.megafruit.vn\/vi\/wp-json\/wp\/v2\/comments?post=826"}],"wp:featuredmedia":[{"embeddable":true,"href":"https:\/\/www.megafruit.vn\/vi\/wp-json\/wp\/v2\/media\/832"}],"wp:attachment":[{"href":"https:\/\/www.megafruit.vn\/vi\/wp-json\/wp\/v2\/media?parent=826"}],"wp:term":[{"taxonomy":"product_brand","embeddable":true,"href":"https:\/\/www.megafruit.vn\/vi\/wp-json\/wp\/v2\/product_brand?post=826"},{"taxonomy":"product_cat","embeddable":true,"href":"https:\/\/www.megafruit.vn\/vi\/wp-json\/wp\/v2\/product_cat?post=826"},{"taxonomy":"product_tag","embeddable":true,"href":"https:\/\/www.megafruit.vn\/vi\/wp-json\/wp\/v2\/product_tag?post=826"}],"curies":[{"name":"wp","href":"https:\/\/api.w.org\/{rel}","templated":true}]}}