{"id":824,"date":"2025-12-22T10:27:50","date_gmt":"2025-12-22T03:27:50","guid":{"rendered":"https:\/\/megafruit.vn\/?post_type=product&#038;p=824"},"modified":"2026-01-27T14:52:58","modified_gmt":"2026-01-27T07:52:58","slug":"xoai-say-deo","status":"publish","type":"product","link":"https:\/\/www.megafruit.vn\/vi\/product\/xoai-say-deo\/","title":{"rendered":"Xo\u00e0i S\u1ea5y D\u1ebbo"},"content":{"rendered":"<ul>\n<li data-start=\"8662\" data-end=\"8714\">\n<p data-start=\"8664\" data-end=\"8714\">T\u00fai PE 0,5kg ho\u1eb7c 01kg, ho\u1eb7c theo y\u00eau c\u1ea7u ri\u00eang c\u1ee7a kh\u00e1ch h\u00e0ng.<\/p>\n<\/li>\n<li data-start=\"8662\" data-end=\"8714\">\n<p data-start=\"8664\" data-end=\"8714\">\u0110i\u1ec1u ki\u1ec7n b\u1ea3o qu\u1ea3n<br \/>\n\u2022 Nhi\u1ec7t \u0111\u1ed9: 5\u201320\u2103<br \/>\n\u2022 N\u01a1i kh\u00f4 r\u00e1o, tho\u00e1ng m\u00e1t, tr\u00e1nh \u00e1nh n\u1eafng tr\u1ef1c ti\u1ebfp.<\/p>\n<\/li>\n<li data-start=\"8662\" data-end=\"8714\">\n<p data-start=\"8664\" data-end=\"8714\">Th\u1eddi h\u1ea1n s\u1eed d\u1ee5ng: 12 th\u00e1ng k\u1ec3 t\u1eeb ng\u00e0y s\u1ea3n xu\u1ea5t.<\/p>\n<\/li>\n<\/ul>\n","protected":false},"excerpt":{"rendered":"<p>Xo\u00e0i s\u1ea5y d\u1ebbo \u0111\u01b0\u1ee3c ch\u1ebf bi\u1ebfn t\u1eeb xo\u00e0i ch\u00edn t\u1ef1 nhi\u00ean, c\u1eaft l\u00e1t v\u00e0 s\u1ea5y \u1edf nhi\u1ec7t \u0111\u1ed9 ph\u00f9 h\u1ee3p nh\u1eb1m gi\u1eef m\u00e0u s\u1eafc v\u00e0ng t\u1ef1 nhi\u00ean, v\u1ecb ng\u1ecdt d\u1ecbu v\u00e0 k\u1ebft c\u1ea5u m\u1ec1m d\u1ebbo \u0111\u1eb7c tr\u01b0ng.<br \/>\nQuy c\u00e1ch \u0111\u00f3ng g\u00f3i<\/p>\n","protected":false},"featured_media":721,"comment_status":"open","ping_status":"closed","template":"","meta":[],"product_brand":[],"product_cat":[39,87],"product_tag":[],"class_list":{"0":"post-824","1":"product","2":"type-product","3":"status-publish","4":"has-post-thumbnail","6":"product_cat-say-deo","7":"product_cat-xoai-say-deo","9":"first","10":"instock","11":"shipping-taxable","12":"product-type-simple"},"_links":{"self":[{"href":"https:\/\/www.megafruit.vn\/vi\/wp-json\/wp\/v2\/product\/824","targetHints":{"allow":["GET"]}}],"collection":[{"href":"https:\/\/www.megafruit.vn\/vi\/wp-json\/wp\/v2\/product"}],"about":[{"href":"https:\/\/www.megafruit.vn\/vi\/wp-json\/wp\/v2\/types\/product"}],"replies":[{"embeddable":true,"href":"https:\/\/www.megafruit.vn\/vi\/wp-json\/wp\/v2\/comments?post=824"}],"wp:featuredmedia":[{"embeddable":true,"href":"https:\/\/www.megafruit.vn\/vi\/wp-json\/wp\/v2\/media\/721"}],"wp:attachment":[{"href":"https:\/\/www.megafruit.vn\/vi\/wp-json\/wp\/v2\/media?parent=824"}],"wp:term":[{"taxonomy":"product_brand","embeddable":true,"href":"https:\/\/www.megafruit.vn\/vi\/wp-json\/wp\/v2\/product_brand?post=824"},{"taxonomy":"product_cat","embeddable":true,"href":"https:\/\/www.megafruit.vn\/vi\/wp-json\/wp\/v2\/product_cat?post=824"},{"taxonomy":"product_tag","embeddable":true,"href":"https:\/\/www.megafruit.vn\/vi\/wp-json\/wp\/v2\/product_tag?post=824"}],"curies":[{"name":"wp","href":"https:\/\/api.w.org\/{rel}","templated":true}]}}