{"id":823,"date":"2025-12-22T10:26:55","date_gmt":"2025-12-22T03:26:55","guid":{"rendered":"https:\/\/megafruit.vn\/?post_type=product&#038;p=823"},"modified":"2026-01-27T14:53:03","modified_gmt":"2026-01-27T07:53:03","slug":"dua-say-deo","status":"publish","type":"product","link":"https:\/\/www.megafruit.vn\/vi\/product\/dua-say-deo\/","title":{"rendered":"D\u1ee9a s\u1ea5y d\u1ebbo"},"content":{"rendered":"<ul>\n<li data-start=\"8270\" data-end=\"8322\">\n<p data-start=\"8272\" data-end=\"8322\"><span data-sheets-root=\"1\">Quy c\u00e1ch \u0111\u00f3ng g\u00f3i<br \/>\n\u0110\u00f3ng g\u00f3i trong t\u00fai PE 0,5kg ho\u1eb7c 01kg, ho\u1eb7c theo y\u00eau c\u1ea7u kh\u00e1ch h\u00e0ng.<br \/>\n\u0110i\u1ec1u ki\u1ec7n b\u1ea3o qu\u1ea3n<br \/>\n\u2022 Nhi\u1ec7t \u0111\u1ed9: 5\u201320\u2103<br \/>\n\u2022 B\u1ea3o qu\u1ea3n n\u01a1i kh\u00f4 r\u00e1o, tho\u00e1ng m\u00e1t, tr\u00e1nh \u00e1nh n\u1eafng tr\u1ef1c ti\u1ebfp.<br \/>\nTh\u1eddi h\u1ea1n s\u1eed d\u1ee5ng<br \/>\n12 th\u00e1ng k\u1ec3 t\u1eeb ng\u00e0y s\u1ea3n xu\u1ea5t.<br \/>\n<\/span><\/p>\n<\/li>\n<\/ul>\n","protected":false},"excerpt":{"rendered":"<p><span data-sheets-root=\"1\">D\u1ee9a s\u1ea5y d\u1ebbo Nafoods Group \u0111\u01b0\u1ee3c s\u1ea3n xu\u1ea5t t\u1eeb d\u1ee9a t\u01b0\u01a1i ch\u1ecdn l\u1ecdc, s\u1ea5y trong h\u1ec7 th\u1ed1ng kh\u00e9p k\u00edn, \u0111\u1ea3m b\u1ea3o an to\u00e0n v\u1ec7 sinh th\u1ef1c ph\u1ea9m. S\u1ea3n ph\u1ea9m sau s\u1ea5y gi\u1eef \u0111\u01b0\u1ee3c \u0111\u1ed9 m\u1ec1m, \u0111\u1ed9 \u0111\u00e0n h\u1ed3i t\u1ed1t, h\u01b0\u01a1ng v\u1ecb d\u1ee9a t\u1ef1 nhi\u00ean \u0111\u1eb7c tr\u01b0ng.<\/span><\/p>\n","protected":false},"featured_media":827,"comment_status":"open","ping_status":"closed","template":"","meta":[],"product_brand":[],"product_cat":[39,88],"product_tag":[],"class_list":{"0":"post-823","1":"product","2":"type-product","3":"status-publish","4":"has-post-thumbnail","6":"product_cat-say-deo","7":"product_cat-dua-say-deo","9":"first","10":"instock","11":"shipping-taxable","12":"product-type-simple"},"_links":{"self":[{"href":"https:\/\/www.megafruit.vn\/vi\/wp-json\/wp\/v2\/product\/823","targetHints":{"allow":["GET"]}}],"collection":[{"href":"https:\/\/www.megafruit.vn\/vi\/wp-json\/wp\/v2\/product"}],"about":[{"href":"https:\/\/www.megafruit.vn\/vi\/wp-json\/wp\/v2\/types\/product"}],"replies":[{"embeddable":true,"href":"https:\/\/www.megafruit.vn\/vi\/wp-json\/wp\/v2\/comments?post=823"}],"wp:featuredmedia":[{"embeddable":true,"href":"https:\/\/www.megafruit.vn\/vi\/wp-json\/wp\/v2\/media\/827"}],"wp:attachment":[{"href":"https:\/\/www.megafruit.vn\/vi\/wp-json\/wp\/v2\/media?parent=823"}],"wp:term":[{"taxonomy":"product_brand","embeddable":true,"href":"https:\/\/www.megafruit.vn\/vi\/wp-json\/wp\/v2\/product_brand?post=823"},{"taxonomy":"product_cat","embeddable":true,"href":"https:\/\/www.megafruit.vn\/vi\/wp-json\/wp\/v2\/product_cat?post=823"},{"taxonomy":"product_tag","embeddable":true,"href":"https:\/\/www.megafruit.vn\/vi\/wp-json\/wp\/v2\/product_tag?post=823"}],"curies":[{"name":"wp","href":"https:\/\/api.w.org\/{rel}","templated":true}]}}