{"id":822,"date":"2025-12-22T10:26:25","date_gmt":"2025-12-22T03:26:25","guid":{"rendered":"https:\/\/megafruit.vn\/?post_type=product&#038;p=822"},"modified":"2026-01-27T14:43:34","modified_gmt":"2026-01-27T07:43:34","slug":"nuoc-dua-co-dac-coconut-water-concentrate","status":"publish","type":"product","link":"https:\/\/www.megafruit.vn\/vi\/product\/nuoc-dua-co-dac-coconut-water-concentrate\/","title":{"rendered":"N\u01b0\u1edbc D\u1eeba C\u00f4 \u0110\u1eb7c (Coconut Water Concentrate)"},"content":{"rendered":"<ul data-start=\"7722\" data-end=\"7974\">\n<li data-start=\"7722\" data-end=\"7752\">\n<p data-start=\"7724\" data-end=\"7752\">Brix (tham kh\u1ea3o): 60 \u2013 65\u00b0Bx<\/p>\n<\/li>\n<li data-start=\"7722\" data-end=\"7752\">\n<p data-start=\"7724\" data-end=\"7752\">Th\u1eddi h\u1ea1n s\u1eed d\u1ee5ng: 12 th\u00e1ng; 24 th\u00e1ng<\/p>\n<\/li>\n<li data-start=\"7722\" data-end=\"7752\">\n<p data-start=\"7724\" data-end=\"7752\">Quy c\u00e1ch \u0111\u00f3ng g\u00f3i: 20kg, 200kg ho\u1eb7c theo y\u00eau c\u1ea7u kh\u00e1ch h\u00e0ng<\/p>\n<\/li>\n<li data-start=\"7722\" data-end=\"7752\">\n<p data-start=\"7724\" data-end=\"7752\">\u0110i\u1ec1u ki\u1ec7n b\u1ea3o qu\u1ea3n: \u2264 -18\u2103 (24 th\u00e1ng); &lt; 10\u2103 (12 th\u00e1ng)<\/p>\n<\/li>\n<li data-start=\"7722\" data-end=\"7752\">\n<p data-start=\"7724\" data-end=\"7752\">M\u00f9a v\u1ee5 t\u1ea1i Vi\u1ec7t Nam: Quanh n\u0103m<\/p>\n<\/li>\n<li data-start=\"7722\" data-end=\"7752\">\n<p data-start=\"7724\" data-end=\"7752\">\u1ee8ng d\u1ee5ng: \u0110\u1ed3 u\u1ed1ng, n\u01b0\u1edbc gi\u1ea3i kh\u00e1t, pha ch\u1ebf, th\u1ef1c ph\u1ea9m v\u00e0 s\u1ea3n ph\u1ea9m ch\u1ebf bi\u1ebfn kh\u00e1c<\/p>\n<\/li>\n<\/ul>\n","protected":false},"excerpt":{"rendered":"<p>S\u1ea3n ph\u1ea9m \u0111\u01b0\u1ee3c ch\u1ebf bi\u1ebfn t\u1eeb n\u01b0\u1edbc d\u1eeba t\u01b0\u01a1i ch\u1ecdn l\u1ecdc, c\u00f4 \u0111\u1eb7c b\u1eb1ng c\u00f4ng ngh\u1ec7 hi\u1ec7n \u0111\u1ea1i gi\u00fap gi\u1eef tr\u1ecdn v\u1ecb ng\u1ecdt thanh t\u1ef1 nhi\u00ean, h\u01b0\u01a1ng th\u01a1m \u0111\u1eb7c tr\u01b0ng v\u00e0 gi\u00e1 tr\u1ecb dinh d\u01b0\u1ee1ng c\u1ee7a n\u01b0\u1edbc d\u1eeba. S\u1ea3n ph\u1ea9m ho\u00e0n to\u00e0n t\u1ef1 nhi\u00ean, kh\u00f4ng s\u1eed d\u1ee5ng ch\u1ea5t b\u1ea3o qu\u1ea3n hay ph\u1ee5 gia.<\/p>\n","protected":false},"featured_media":717,"comment_status":"open","ping_status":"closed","template":"","meta":[],"product_brand":[],"product_cat":[35,102],"product_tag":[],"class_list":{"0":"post-822","1":"product","2":"type-product","3":"status-publish","4":"has-post-thumbnail","6":"product_cat-nuoc-trai-cay-co-dac","7":"product_cat-nuoc-dua-co-dac","9":"first","10":"instock","11":"shipping-taxable","12":"product-type-simple"},"_links":{"self":[{"href":"https:\/\/www.megafruit.vn\/vi\/wp-json\/wp\/v2\/product\/822","targetHints":{"allow":["GET"]}}],"collection":[{"href":"https:\/\/www.megafruit.vn\/vi\/wp-json\/wp\/v2\/product"}],"about":[{"href":"https:\/\/www.megafruit.vn\/vi\/wp-json\/wp\/v2\/types\/product"}],"replies":[{"embeddable":true,"href":"https:\/\/www.megafruit.vn\/vi\/wp-json\/wp\/v2\/comments?post=822"}],"wp:featuredmedia":[{"embeddable":true,"href":"https:\/\/www.megafruit.vn\/vi\/wp-json\/wp\/v2\/media\/717"}],"wp:attachment":[{"href":"https:\/\/www.megafruit.vn\/vi\/wp-json\/wp\/v2\/media?parent=822"}],"wp:term":[{"taxonomy":"product_brand","embeddable":true,"href":"https:\/\/www.megafruit.vn\/vi\/wp-json\/wp\/v2\/product_brand?post=822"},{"taxonomy":"product_cat","embeddable":true,"href":"https:\/\/www.megafruit.vn\/vi\/wp-json\/wp\/v2\/product_cat?post=822"},{"taxonomy":"product_tag","embeddable":true,"href":"https:\/\/www.megafruit.vn\/vi\/wp-json\/wp\/v2\/product_tag?post=822"}],"curies":[{"name":"wp","href":"https:\/\/api.w.org\/{rel}","templated":true}]}}