{"id":820,"date":"2025-12-22T10:25:08","date_gmt":"2025-12-22T03:25:08","guid":{"rendered":"https:\/\/megafruit.vn\/?post_type=product&#038;p=820"},"modified":"2026-01-27T14:43:36","modified_gmt":"2026-01-27T07:43:36","slug":"tac-quat-co-dac","status":"publish","type":"product","link":"https:\/\/www.megafruit.vn\/vi\/product\/tac-quat-co-dac\/","title":{"rendered":"T\u1eafc (Qu\u1ea5t) C\u00f4 \u0110\u1eb7c"},"content":{"rendered":"<ul data-start=\"6764\" data-end=\"6999\">\n<li data-start=\"6764\" data-end=\"6782\">\n<p data-start=\"6766\" data-end=\"6782\">Brix: 45 \u2013 50\u00b0Bx<\/p>\n<\/li>\n<li data-start=\"6764\" data-end=\"6782\">\n<p data-start=\"6766\" data-end=\"6782\">Th\u1eddi h\u1ea1n s\u1eed d\u1ee5ng: 12 th\u00e1ng; 24 th\u00e1ng<\/p>\n<\/li>\n<li data-start=\"6764\" data-end=\"6782\">\n<p data-start=\"6766\" data-end=\"6782\">Quy c\u00e1ch \u0111\u00f3ng g\u00f3i: 5kg, 10kg, 20kg, 50kg, 200kg ho\u1eb7c theo y\u00eau c\u1ea7u<\/p>\n<\/li>\n<li data-start=\"6764\" data-end=\"6782\">\n<p data-start=\"6766\" data-end=\"6782\">\u0110i\u1ec1u ki\u1ec7n b\u1ea3o qu\u1ea3n: \u2264 -18\u2103 (24 th\u00e1ng); &lt; 10\u2103 (12 th\u00e1ng)<\/p>\n<\/li>\n<li data-start=\"6764\" data-end=\"6782\">\n<p data-start=\"6766\" data-end=\"6782\">M\u00f9a v\u1ee5 t\u1ea1i Vi\u1ec7t Nam: Quanh n\u0103m (cao \u0111i\u1ec3m d\u1ecbp cu\u1ed1i n\u0103m)<\/p>\n<\/li>\n<li data-start=\"6764\" data-end=\"6782\">\n<p data-start=\"6766\" data-end=\"6782\">\u1ee8ng d\u1ee5ng: Tr\u00e0 tr\u00e1i c\u00e2y, \u0111\u1ed3 u\u1ed1ng pha ch\u1ebf, th\u1ef1c ph\u1ea9m<\/p>\n<\/li>\n<\/ul>\n","protected":false},"excerpt":{"rendered":"<p>\u0110\u01b0\u1ee3c c\u00f4 \u0111\u1eb7c t\u1eeb tr\u00e1i t\u1eafc t\u01b0\u01a1i, gi\u1eef m\u00f9i th\u01a1m tinh d\u1ea7u \u0111\u1eb7c tr\u01b0ng, v\u1ecb chua thanh t\u1ef1 nhi\u00ean v\u00e0 \u0111\u1ed9 \u0111\u1eadm v\u1ecb cao<\/p>\n","protected":false},"featured_media":707,"comment_status":"open","ping_status":"closed","template":"","meta":[],"product_brand":[],"product_cat":[35,103],"product_tag":[],"class_list":{"0":"post-820","1":"product","2":"type-product","3":"status-publish","4":"has-post-thumbnail","6":"product_cat-nuoc-trai-cay-co-dac","7":"product_cat-tac-quat-co-dac","9":"first","10":"instock","11":"shipping-taxable","12":"product-type-simple"},"_links":{"self":[{"href":"https:\/\/www.megafruit.vn\/vi\/wp-json\/wp\/v2\/product\/820","targetHints":{"allow":["GET"]}}],"collection":[{"href":"https:\/\/www.megafruit.vn\/vi\/wp-json\/wp\/v2\/product"}],"about":[{"href":"https:\/\/www.megafruit.vn\/vi\/wp-json\/wp\/v2\/types\/product"}],"replies":[{"embeddable":true,"href":"https:\/\/www.megafruit.vn\/vi\/wp-json\/wp\/v2\/comments?post=820"}],"wp:featuredmedia":[{"embeddable":true,"href":"https:\/\/www.megafruit.vn\/vi\/wp-json\/wp\/v2\/media\/707"}],"wp:attachment":[{"href":"https:\/\/www.megafruit.vn\/vi\/wp-json\/wp\/v2\/media?parent=820"}],"wp:term":[{"taxonomy":"product_brand","embeddable":true,"href":"https:\/\/www.megafruit.vn\/vi\/wp-json\/wp\/v2\/product_brand?post=820"},{"taxonomy":"product_cat","embeddable":true,"href":"https:\/\/www.megafruit.vn\/vi\/wp-json\/wp\/v2\/product_cat?post=820"},{"taxonomy":"product_tag","embeddable":true,"href":"https:\/\/www.megafruit.vn\/vi\/wp-json\/wp\/v2\/product_tag?post=820"}],"curies":[{"name":"wp","href":"https:\/\/api.w.org\/{rel}","templated":true}]}}