{"id":818,"date":"2025-12-22T10:24:25","date_gmt":"2025-12-22T03:24:25","guid":{"rendered":"https:\/\/megafruit.vn\/?post_type=product&#038;p=818"},"modified":"2025-12-23T00:45:39","modified_gmt":"2025-12-23T00:45:39","slug":"thanh-long-co-dac-ruot-trang-ruot-do","status":"publish","type":"product","link":"https:\/\/www.megafruit.vn\/vi\/product\/thanh-long-co-dac-ruot-trang-ruot-do\/","title":{"rendered":"Thanh Long C\u00f4 \u0110\u1eb7c (ru\u1ed9t tr\u1eafng \/ ru\u1ed9t \u0111\u1ecf)"},"content":{"rendered":"<ul>\n<li data-start=\"5877\" data-end=\"5895\">\n<p data-start=\"5879\" data-end=\"5895\">Brix: 18 \u2013 22\u00b0Bx<\/p>\n<\/li>\n<li data-start=\"5877\" data-end=\"5895\">\n<p data-start=\"5879\" data-end=\"5895\">Th\u1eddi h\u1ea1n s\u1eed d\u1ee5ng: 12 th\u00e1ng; 24 th\u00e1ng<\/p>\n<\/li>\n<li data-start=\"5877\" data-end=\"5895\">\n<p data-start=\"5879\" data-end=\"5895\">Quy c\u00e1ch \u0111\u00f3ng g\u00f3i: 5kg, 10kg, 20kg, 50kg, 200kg ho\u1eb7c theo y\u00eau c\u1ea7u<\/p>\n<\/li>\n<li data-start=\"5877\" data-end=\"5895\">\n<p data-start=\"5879\" data-end=\"5895\">\u0110i\u1ec1u ki\u1ec7n b\u1ea3o qu\u1ea3n: \u2264 -18\u2103 (24 th\u00e1ng); &lt; 10\u2103 (12 th\u00e1ng)<\/p>\n<\/li>\n<li data-start=\"5877\" data-end=\"5895\">\n<p data-start=\"5879\" data-end=\"5895\">M\u00f9a v\u1ee5 t\u1ea1i Vi\u1ec7t Nam: Quanh n\u0103m (cao \u0111i\u1ec3m t\u1eeb th\u00e1ng 5 \u2013 th\u00e1ng 10)<\/p>\n<\/li>\n<li data-start=\"5877\" data-end=\"5895\">\n<p data-start=\"5879\" data-end=\"5895\">\u1ee8ng d\u1ee5ng: \u0110\u1ed3 u\u1ed1ng, kem, b\u00e1nh, s\u1ea3n ph\u1ea9m pha ch\u1ebf<\/p>\n<\/li>\n<\/ul>\n","protected":false},"excerpt":{"rendered":"<p>S\u1ea3n ph\u1ea9m \u0111\u01b0\u1ee3c c\u00f4 \u0111\u1eb7c t\u1eeb thanh long t\u01b0\u01a1i, gi\u1eef m\u00e0u s\u1eafc t\u1ef1 nhi\u00ean, h\u01b0\u01a1ng v\u1ecb nh\u1eb9 \u0111\u1eb7c tr\u01b0ng v\u00e0 t\u00ednh \u1ed5n \u0111\u1ecbnh cao, ph\u00f9 h\u1ee3p cho ng\u00e0nh \u0111\u1ed3 u\u1ed1ng v\u00e0 th\u1ef1c ph\u1ea9m.<\/p>\n","protected":false},"featured_media":711,"comment_status":"open","ping_status":"closed","template":"","meta":[],"product_brand":[],"product_cat":[35,104],"product_tag":[],"class_list":{"0":"post-818","1":"product","2":"type-product","3":"status-publish","4":"has-post-thumbnail","6":"product_cat-nuoc-trai-cay-co-dac","7":"product_cat-thanh-long-co-dac","9":"first","10":"instock","11":"shipping-taxable","12":"product-type-simple"},"_links":{"self":[{"href":"https:\/\/www.megafruit.vn\/vi\/wp-json\/wp\/v2\/product\/818","targetHints":{"allow":["GET"]}}],"collection":[{"href":"https:\/\/www.megafruit.vn\/vi\/wp-json\/wp\/v2\/product"}],"about":[{"href":"https:\/\/www.megafruit.vn\/vi\/wp-json\/wp\/v2\/types\/product"}],"replies":[{"embeddable":true,"href":"https:\/\/www.megafruit.vn\/vi\/wp-json\/wp\/v2\/comments?post=818"}],"wp:featuredmedia":[{"embeddable":true,"href":"https:\/\/www.megafruit.vn\/vi\/wp-json\/wp\/v2\/media\/711"}],"wp:attachment":[{"href":"https:\/\/www.megafruit.vn\/vi\/wp-json\/wp\/v2\/media?parent=818"}],"wp:term":[{"taxonomy":"product_brand","embeddable":true,"href":"https:\/\/www.megafruit.vn\/vi\/wp-json\/wp\/v2\/product_brand?post=818"},{"taxonomy":"product_cat","embeddable":true,"href":"https:\/\/www.megafruit.vn\/vi\/wp-json\/wp\/v2\/product_cat?post=818"},{"taxonomy":"product_tag","embeddable":true,"href":"https:\/\/www.megafruit.vn\/vi\/wp-json\/wp\/v2\/product_tag?post=818"}],"curies":[{"name":"wp","href":"https:\/\/api.w.org\/{rel}","templated":true}]}}