{"id":816,"date":"2025-12-22T10:23:15","date_gmt":"2025-12-22T03:23:15","guid":{"rendered":"https:\/\/megafruit.vn\/?post_type=product&#038;p=816"},"modified":"2026-01-27T14:43:40","modified_gmt":"2026-01-27T07:43:40","slug":"xoai-co-dac","status":"publish","type":"product","link":"https:\/\/www.megafruit.vn\/vi\/product\/xoai-co-dac\/","title":{"rendered":"Xo\u00e0i C\u00f4 \u0110\u1eb7c"},"content":{"rendered":"<ul>\n<li data-start=\"4878\" data-end=\"4914\">\n<p data-start=\"4880\" data-end=\"4914\">\u00a0Brix: 28 \u2013 32\u00b0Bx (ho\u1eb7c theo y\u00eau c\u1ea7u)<\/p>\n<\/li>\n<li data-start=\"4878\" data-end=\"4914\">\n<p data-start=\"4880\" data-end=\"4914\">Th\u1eddi h\u1ea1n s\u1eed d\u1ee5ng: 12 th\u00e1ng; 24 th\u00e1ng<\/p>\n<\/li>\n<li data-start=\"4878\" data-end=\"4914\">\n<p data-start=\"4880\" data-end=\"4914\">Quy c\u00e1ch \u0111\u00f3ng g\u00f3i: 5kg, 10kg, 20kg, 50kg, 200kg ho\u1eb7c theo y\u00eau c\u1ea7u<\/p>\n<\/li>\n<li data-start=\"4878\" data-end=\"4914\">\n<p data-start=\"4880\" data-end=\"4914\">\u0110i\u1ec1u ki\u1ec7n b\u1ea3o qu\u1ea3n<\/p>\n<ul>\n<li data-start=\"4878\" data-end=\"4914\">\n<p data-start=\"4880\" data-end=\"4914\">\u2264 -18\u2103: 24 th\u00e1ng<\/p>\n<\/li>\n<li data-start=\"4878\" data-end=\"4914\">\n<p data-start=\"4880\" data-end=\"4914\">&lt; 10\u2103: 12 th\u00e1ng<\/p>\n<\/li>\n<\/ul>\n<\/li>\n<\/ul>\n<ul>\n<li data-start=\"4880\" data-end=\"4914\">M\u00f9a v\u1ee5 t\u1ea1i Vi\u1ec7t Nam: Th\u00e1ng 3 \u2013 th\u00e1ng 7 (cao \u0111i\u1ec3m), c\u00f3 th\u1ec3 k\u00e9o d\u00e0i theo v\u00f9ng<br \/>\n\u1ee8ng d\u1ee5ng: \u0110\u1ed3 u\u1ed1ng, n\u01b0\u1edbc \u00e9p, sinh t\u1ed1, b\u00e1nh k\u1eb9o, th\u1ef1c ph\u1ea9m ch\u1ebf bi\u1ebfn<\/li>\n<\/ul>\n","protected":false},"excerpt":{"rendered":"<p>S\u1ea3n ph\u1ea9m \u0111\u01b0\u1ee3c s\u1ea3n xu\u1ea5t t\u1eeb xo\u00e0i t\u01b0\u01a1i ch\u1ecdn l\u1ecdc t\u1eeb v\u00f9ng nguy\u00ean li\u1ec7u \u0111\u1ea1t ti\u00eau chu\u1ea9n t\u1ea1i Vi\u1ec7t Nam, \u1ee9ng d\u1ee5ng c\u00f4ng ngh\u1ec7 c\u00f4 \u0111\u1eb7c hi\u1ec7n \u0111\u1ea1i nh\u1eb1m gi\u1eef tr\u1ecdn h\u01b0\u01a1ng v\u1ecb \u0111\u1eb7c tr\u01b0ng, m\u00e0u s\u1eafc t\u1ef1 nhi\u00ean v\u00e0 gi\u00e1 tr\u1ecb dinh d\u01b0\u1ee1ng c\u1ee7a tr\u00e1i xo\u00e0i. S\u1ea3n ph\u1ea9m ho\u00e0n to\u00e0n t\u1ef1 nhi\u00ean, kh\u00f4ng s\u1eed d\u1ee5ng ch\u1ea5t b\u1ea3o qu\u1ea3n hay ph\u1ee5 gia.<\/p>\n","protected":false},"featured_media":697,"comment_status":"open","ping_status":"closed","template":"","meta":[],"product_brand":[],"product_cat":[35,105],"product_tag":[],"class_list":{"0":"post-816","1":"product","2":"type-product","3":"status-publish","4":"has-post-thumbnail","6":"product_cat-nuoc-trai-cay-co-dac","7":"product_cat-xoai-co-dac","9":"first","10":"instock","11":"shipping-taxable","12":"product-type-simple"},"_links":{"self":[{"href":"https:\/\/www.megafruit.vn\/vi\/wp-json\/wp\/v2\/product\/816","targetHints":{"allow":["GET"]}}],"collection":[{"href":"https:\/\/www.megafruit.vn\/vi\/wp-json\/wp\/v2\/product"}],"about":[{"href":"https:\/\/www.megafruit.vn\/vi\/wp-json\/wp\/v2\/types\/product"}],"replies":[{"embeddable":true,"href":"https:\/\/www.megafruit.vn\/vi\/wp-json\/wp\/v2\/comments?post=816"}],"wp:featuredmedia":[{"embeddable":true,"href":"https:\/\/www.megafruit.vn\/vi\/wp-json\/wp\/v2\/media\/697"}],"wp:attachment":[{"href":"https:\/\/www.megafruit.vn\/vi\/wp-json\/wp\/v2\/media?parent=816"}],"wp:term":[{"taxonomy":"product_brand","embeddable":true,"href":"https:\/\/www.megafruit.vn\/vi\/wp-json\/wp\/v2\/product_brand?post=816"},{"taxonomy":"product_cat","embeddable":true,"href":"https:\/\/www.megafruit.vn\/vi\/wp-json\/wp\/v2\/product_cat?post=816"},{"taxonomy":"product_tag","embeddable":true,"href":"https:\/\/www.megafruit.vn\/vi\/wp-json\/wp\/v2\/product_tag?post=816"}],"curies":[{"name":"wp","href":"https:\/\/api.w.org\/{rel}","templated":true}]}}