{"id":815,"date":"2025-12-22T10:22:41","date_gmt":"2025-12-22T03:22:41","guid":{"rendered":"https:\/\/megafruit.vn\/?post_type=product&#038;p=815"},"modified":"2026-01-27T15:40:47","modified_gmt":"2026-01-27T08:40:47","slug":"xoai-dong-lanh","status":"publish","type":"product","link":"https:\/\/www.megafruit.vn\/vi\/product\/xoai-dong-lanh\/","title":{"rendered":"Xo\u00e0i \u0110\u00f4ng L\u1ea1nh"},"content":{"rendered":"<ul>\n<li data-start=\"4341\" data-end=\"4399\">\n<p data-start=\"4343\" data-end=\"4399\">Ph\u00e2n lo\u1ea1i: xo\u00e0i kaew, xo\u00e0i c\u00e1t chu, xo\u00e0i \u00fac.<\/p>\n<\/li>\n<li data-start=\"4341\" data-end=\"4399\">\n<p data-start=\"4343\" data-end=\"4399\">Brix: 10\u2013 13\u00b0Bx<\/p>\n<\/li>\n<li data-start=\"4341\" data-end=\"4399\">\n<p data-start=\"4343\" data-end=\"4399\">M\u00f9a v\u1ee5: quanh n\u0103m<\/p>\n<\/li>\n<li data-start=\"4341\" data-end=\"4399\">\n<p data-start=\"4343\" data-end=\"4399\">Quy c\u00e1ch: xo\u00e0i c\u1eaft 1\/2, xo\u00e0i 1\/4, xo\u00e0i cube<\/p>\n<\/li>\n<li data-start=\"4341\" data-end=\"4399\">\n<p data-start=\"4343\" data-end=\"4399\">HSD: 24 th\u00e1ng | B\u1ea3o qu\u1ea3n: \u2264 -18\u2103<\/p>\n<\/li>\n<li data-start=\"4341\" data-end=\"4399\">\n<p data-start=\"4343\" data-end=\"4399\">\u1ee8ng d\u1ee5ng: Sinh t\u1ed1, b\u00e1nh, \u0111\u1ed3 u\u1ed1ng<\/p>\n<\/li>\n<\/ul>\n","protected":false},"excerpt":{"rendered":"<p>Xo\u00e0i t\u01b0\u01a1i \u0111\u01b0\u1ee3c thu gom t\u1eeb v\u00f9ng nguy\u00ean li\u1ec7u v\u1edbi nh\u1eefng ph\u1ea9m ch\u1ea5t t\u1ed1t nh\u1ea5t<\/p>\n","protected":false},"featured_media":699,"comment_status":"open","ping_status":"closed","template":"","meta":[],"product_brand":[],"product_cat":[37,127],"product_tag":[],"class_list":{"0":"post-815","1":"product","2":"type-product","3":"status-publish","4":"has-post-thumbnail","6":"product_cat-trai-cay-dong-lanh","7":"product_cat-xoai-dong-lanh","9":"first","10":"instock","11":"shipping-taxable","12":"product-type-simple"},"_links":{"self":[{"href":"https:\/\/www.megafruit.vn\/vi\/wp-json\/wp\/v2\/product\/815","targetHints":{"allow":["GET"]}}],"collection":[{"href":"https:\/\/www.megafruit.vn\/vi\/wp-json\/wp\/v2\/product"}],"about":[{"href":"https:\/\/www.megafruit.vn\/vi\/wp-json\/wp\/v2\/types\/product"}],"replies":[{"embeddable":true,"href":"https:\/\/www.megafruit.vn\/vi\/wp-json\/wp\/v2\/comments?post=815"}],"wp:featuredmedia":[{"embeddable":true,"href":"https:\/\/www.megafruit.vn\/vi\/wp-json\/wp\/v2\/media\/699"}],"wp:attachment":[{"href":"https:\/\/www.megafruit.vn\/vi\/wp-json\/wp\/v2\/media?parent=815"}],"wp:term":[{"taxonomy":"product_brand","embeddable":true,"href":"https:\/\/www.megafruit.vn\/vi\/wp-json\/wp\/v2\/product_brand?post=815"},{"taxonomy":"product_cat","embeddable":true,"href":"https:\/\/www.megafruit.vn\/vi\/wp-json\/wp\/v2\/product_cat?post=815"},{"taxonomy":"product_tag","embeddable":true,"href":"https:\/\/www.megafruit.vn\/vi\/wp-json\/wp\/v2\/product_tag?post=815"}],"curies":[{"name":"wp","href":"https:\/\/api.w.org\/{rel}","templated":true}]}}