{"id":814,"date":"2025-12-22T10:22:14","date_gmt":"2025-12-22T03:22:14","guid":{"rendered":"https:\/\/megafruit.vn\/?post_type=product&#038;p=814"},"modified":"2026-01-27T15:40:11","modified_gmt":"2026-01-27T08:40:11","slug":"dau-tay-dong-lanh","status":"publish","type":"product","link":"https:\/\/www.megafruit.vn\/vi\/product\/dau-tay-dong-lanh\/","title":{"rendered":"D\u00e2u T\u00e2y \u0110\u00f4ng L\u1ea1nh"},"content":{"rendered":"<ul>\n<li data-start=\"4014\" data-end=\"4031\">\n<p data-start=\"4016\" data-end=\"4031\">Brix: 7 \u2013 10\u00b0Bx<\/p>\n<\/li>\n<li data-start=\"4014\" data-end=\"4031\">\n<p data-start=\"4016\" data-end=\"4031\">M\u00f9a v\u1ee5: Th\u00e1ng 12 \u2013 4<\/p>\n<\/li>\n<li data-start=\"4014\" data-end=\"4031\">\n<p data-start=\"4016\" data-end=\"4031\">Quy c\u00e1ch: Nguy\u00ean tr\u00e1i \/ c\u1eaft \u0111\u00f4i<\/p>\n<\/li>\n<li data-start=\"4014\" data-end=\"4031\">\n<p data-start=\"4016\" data-end=\"4031\">HSD: 24 th\u00e1ng | B\u1ea3o qu\u1ea3n: \u2264 -18\u2103<\/p>\n<\/li>\n<li data-start=\"4014\" data-end=\"4031\">\n<p data-start=\"4016\" data-end=\"4031\">\u1ee8ng d\u1ee5ng: Sinh t\u1ed1, b\u00e1nh, \u0111\u1ed3 u\u1ed1ng<\/p>\n<\/li>\n<\/ul>\n","protected":false},"excerpt":{"rendered":"<p>D\u00e2u t\u00e2y t\u01b0\u01a1i ch\u1ecdn l\u1ecdc, v\u1ecb chua ng\u1ecdt c\u00e2n b\u1eb1ng, m\u00e0u \u0111\u1ecf t\u1ef1 nhi\u00ean.<\/p>\n","protected":false},"featured_media":701,"comment_status":"open","ping_status":"closed","template":"","meta":[],"product_brand":[],"product_cat":[37,120],"product_tag":[],"class_list":{"0":"post-814","1":"product","2":"type-product","3":"status-publish","4":"has-post-thumbnail","6":"product_cat-trai-cay-dong-lanh","7":"product_cat-dau-tay-dong-lanh","9":"first","10":"instock","11":"shipping-taxable","12":"product-type-simple"},"_links":{"self":[{"href":"https:\/\/www.megafruit.vn\/vi\/wp-json\/wp\/v2\/product\/814","targetHints":{"allow":["GET"]}}],"collection":[{"href":"https:\/\/www.megafruit.vn\/vi\/wp-json\/wp\/v2\/product"}],"about":[{"href":"https:\/\/www.megafruit.vn\/vi\/wp-json\/wp\/v2\/types\/product"}],"replies":[{"embeddable":true,"href":"https:\/\/www.megafruit.vn\/vi\/wp-json\/wp\/v2\/comments?post=814"}],"wp:featuredmedia":[{"embeddable":true,"href":"https:\/\/www.megafruit.vn\/vi\/wp-json\/wp\/v2\/media\/701"}],"wp:attachment":[{"href":"https:\/\/www.megafruit.vn\/vi\/wp-json\/wp\/v2\/media?parent=814"}],"wp:term":[{"taxonomy":"product_brand","embeddable":true,"href":"https:\/\/www.megafruit.vn\/vi\/wp-json\/wp\/v2\/product_brand?post=814"},{"taxonomy":"product_cat","embeddable":true,"href":"https:\/\/www.megafruit.vn\/vi\/wp-json\/wp\/v2\/product_cat?post=814"},{"taxonomy":"product_tag","embeddable":true,"href":"https:\/\/www.megafruit.vn\/vi\/wp-json\/wp\/v2\/product_tag?post=814"}],"curies":[{"name":"wp","href":"https:\/\/api.w.org\/{rel}","templated":true}]}}