{"id":809,"date":"2025-12-22T10:19:08","date_gmt":"2025-12-22T03:19:08","guid":{"rendered":"https:\/\/megafruit.vn\/?post_type=product&#038;p=809"},"modified":"2026-01-27T15:40:31","modified_gmt":"2026-01-27T08:40:31","slug":"tac-dong-lanh","status":"publish","type":"product","link":"https:\/\/www.megafruit.vn\/vi\/product\/tac-dong-lanh\/","title":{"rendered":"T\u1eafc \u0110\u00f4ng L\u1ea1nh"},"content":{"rendered":"<ul>\n<li data-start=\"2360\" data-end=\"2377\">\n<p data-start=\"2362\" data-end=\"2377\">Brix: 9 \u2013 12\u00b0Bx<\/p>\n<\/li>\n<li data-start=\"2360\" data-end=\"2377\">\n<p data-start=\"2362\" data-end=\"2377\">M\u00f9a v\u1ee5: Quanh n\u0103m (cao \u0111i\u1ec3m cu\u1ed1i n\u0103m)<\/p>\n<\/li>\n<li data-start=\"2360\" data-end=\"2377\">\n<p data-start=\"2362\" data-end=\"2377\">Quy c\u00e1ch: Nguy\u00ean tr\u00e1i \/ c\u1eaft \u0111\u00f4i \/ n\u01b0\u1edbc \u00e9p<\/p>\n<\/li>\n<li data-start=\"2360\" data-end=\"2377\">\n<p data-start=\"2362\" data-end=\"2377\">HSD: 24 th\u00e1ng | B\u1ea3o qu\u1ea3n: \u2264 -18\u2103<\/p>\n<\/li>\n<li data-start=\"2360\" data-end=\"2377\">\n<p data-start=\"2362\" data-end=\"2377\">\u1ee8ng d\u1ee5ng: Tr\u00e0 tr\u00e1i c\u00e2y, \u0111\u1ed3 u\u1ed1ng<\/p>\n<\/li>\n<\/ul>\n","protected":false},"excerpt":{"rendered":"<p>T\u1eafc t\u01b0\u01a1i gi\u00e0u tinh d\u1ea7u, v\u1ecb chua thanh, h\u01b0\u01a1ng th\u01a1m m\u1ea1nh.<\/p>\n","protected":false},"featured_media":680,"comment_status":"open","ping_status":"closed","template":"","meta":[],"product_brand":[],"product_cat":[37,124],"product_tag":[],"class_list":{"0":"post-809","1":"product","2":"type-product","3":"status-publish","4":"has-post-thumbnail","6":"product_cat-trai-cay-dong-lanh","7":"product_cat-tac-dong-lanh","9":"first","10":"instock","11":"shipping-taxable","12":"product-type-simple"},"_links":{"self":[{"href":"https:\/\/www.megafruit.vn\/vi\/wp-json\/wp\/v2\/product\/809","targetHints":{"allow":["GET"]}}],"collection":[{"href":"https:\/\/www.megafruit.vn\/vi\/wp-json\/wp\/v2\/product"}],"about":[{"href":"https:\/\/www.megafruit.vn\/vi\/wp-json\/wp\/v2\/types\/product"}],"replies":[{"embeddable":true,"href":"https:\/\/www.megafruit.vn\/vi\/wp-json\/wp\/v2\/comments?post=809"}],"wp:featuredmedia":[{"embeddable":true,"href":"https:\/\/www.megafruit.vn\/vi\/wp-json\/wp\/v2\/media\/680"}],"wp:attachment":[{"href":"https:\/\/www.megafruit.vn\/vi\/wp-json\/wp\/v2\/media?parent=809"}],"wp:term":[{"taxonomy":"product_brand","embeddable":true,"href":"https:\/\/www.megafruit.vn\/vi\/wp-json\/wp\/v2\/product_brand?post=809"},{"taxonomy":"product_cat","embeddable":true,"href":"https:\/\/www.megafruit.vn\/vi\/wp-json\/wp\/v2\/product_cat?post=809"},{"taxonomy":"product_tag","embeddable":true,"href":"https:\/\/www.megafruit.vn\/vi\/wp-json\/wp\/v2\/product_tag?post=809"}],"curies":[{"name":"wp","href":"https:\/\/api.w.org\/{rel}","templated":true}]}}