{"id":804,"date":"2025-12-22T10:13:44","date_gmt":"2025-12-22T03:13:44","guid":{"rendered":"https:\/\/megafruit.vn\/?post_type=product&#038;p=804"},"modified":"2026-01-27T15:40:51","modified_gmt":"2026-01-27T08:40:51","slug":"xoai-kaew","status":"publish","type":"product","link":"https:\/\/www.megafruit.vn\/vi\/product\/xoai-kaew\/","title":{"rendered":"Xo\u00e0i Kaew"},"content":{"rendered":"<ul>\n<li data-start=\"521\" data-end=\"539\">\n<p data-start=\"523\" data-end=\"539\">Brix: 10 \u2013 14\u00b0Bx<\/p>\n<\/li>\n<li data-start=\"521\" data-end=\"539\">\n<p data-start=\"523\" data-end=\"539\">M\u00f9a v\u1ee5: quanh n\u0103m<\/p>\n<\/li>\n<li data-start=\"521\" data-end=\"539\">\n<p data-start=\"523\" data-end=\"539\">Quy c\u00e1ch c\u1eaft: Kh\u1ed1i 10\u00d710mm, 15x15mm, 20\u00d720 mm (ho\u1eb7c theo y\u00eau c\u1ea7u)<\/p>\n<\/li>\n<li data-start=\"521\" data-end=\"539\">\n<p data-start=\"523\" data-end=\"539\">HSD: 24 th\u00e1ng | B\u1ea3o qu\u1ea3n: \u2264 -18\u2103<\/p>\n<\/li>\n<li data-start=\"521\" data-end=\"539\">\n<p data-start=\"523\" data-end=\"539\">\u0110\u00f3ng g\u00f3i: 10kg PE \/ carton ho\u1eb7c theo y\u00eau c\u1ea7u<\/p>\n<\/li>\n<li data-start=\"521\" data-end=\"539\">\n<p data-start=\"523\" data-end=\"539\">\u1ee8ng d\u1ee5ng: nguy\u00ean li\u1ec7u th\u1ef1c ph\u1ea9m, \u0111\u1ed3 u\u1ed1ng<\/p>\n<\/li>\n<\/ul>\n","protected":false},"excerpt":{"rendered":"<p>S\u1ea3n xu\u1ea5t t\u1eeb xo\u00e0i t\u01b0\u01a1i ch\u1ecdn l\u1ecdc t\u1ea1i Vi\u1ec7t Nam, c\u1ea5p \u0111\u00f4ng nhanh IQF gi\u00fap gi\u1eef h\u01b0\u01a1ng v\u1ecb t\u1ef1 nhi\u00ean, m\u00e0u s\u1eafc v\u00e0 gi\u00e1 tr\u1ecb dinh d\u01b0\u1ee1ng. Kh\u00f4ng s\u1eed d\u1ee5ng ch\u1ea5t b\u1ea3o qu\u1ea3n, \u0111\u00e1p \u1ee9ng ti\u00eau chu\u1ea9n M\u1ef9, Nh\u1eadt B\u1ea3n v\u00e0 Ch\u00e2u \u00c2u.<\/p>\n","protected":false},"featured_media":665,"comment_status":"open","ping_status":"closed","template":"","meta":[],"product_brand":[],"product_cat":[37,128],"product_tag":[],"class_list":{"0":"post-804","1":"product","2":"type-product","3":"status-publish","4":"has-post-thumbnail","6":"product_cat-trai-cay-dong-lanh","7":"product_cat-xoai-kaew","9":"first","10":"instock","11":"shipping-taxable","12":"product-type-simple"},"_links":{"self":[{"href":"https:\/\/www.megafruit.vn\/vi\/wp-json\/wp\/v2\/product\/804","targetHints":{"allow":["GET"]}}],"collection":[{"href":"https:\/\/www.megafruit.vn\/vi\/wp-json\/wp\/v2\/product"}],"about":[{"href":"https:\/\/www.megafruit.vn\/vi\/wp-json\/wp\/v2\/types\/product"}],"replies":[{"embeddable":true,"href":"https:\/\/www.megafruit.vn\/vi\/wp-json\/wp\/v2\/comments?post=804"}],"wp:featuredmedia":[{"embeddable":true,"href":"https:\/\/www.megafruit.vn\/vi\/wp-json\/wp\/v2\/media\/665"}],"wp:attachment":[{"href":"https:\/\/www.megafruit.vn\/vi\/wp-json\/wp\/v2\/media?parent=804"}],"wp:term":[{"taxonomy":"product_brand","embeddable":true,"href":"https:\/\/www.megafruit.vn\/vi\/wp-json\/wp\/v2\/product_brand?post=804"},{"taxonomy":"product_cat","embeddable":true,"href":"https:\/\/www.megafruit.vn\/vi\/wp-json\/wp\/v2\/product_cat?post=804"},{"taxonomy":"product_tag","embeddable":true,"href":"https:\/\/www.megafruit.vn\/vi\/wp-json\/wp\/v2\/product_tag?post=804"}],"curies":[{"name":"wp","href":"https:\/\/api.w.org\/{rel}","templated":true}]}}