{"id":803,"date":"2025-12-22T10:10:21","date_gmt":"2025-12-22T03:10:21","guid":{"rendered":"https:\/\/megafruit.vn\/?post_type=product&#038;p=803"},"modified":"2026-01-27T14:51:08","modified_gmt":"2026-01-27T07:51:08","slug":"mang-cau-2","status":"publish","type":"product","link":"https:\/\/www.megafruit.vn\/vi\/product\/mang-cau-2\/","title":{"rendered":"M\u00e3ng c\u1ea7u"},"content":{"rendered":"<ul>\n<li data-start=\"7903\" data-end=\"7933\">\n<p data-start=\"7905\" data-end=\"7933\">\u0110\u1ed9 Brix (tham kh\u1ea3o): 18 \u2013 22\u00b0Bx<\/p>\n<\/li>\n<li data-start=\"7903\" data-end=\"7933\">\n<p data-start=\"7905\" data-end=\"7933\">\u0110i\u1ec1u ki\u1ec7n b\u1ea3o qu\u1ea3n: \u2264 -18\u2103 ho\u1eb7c &lt; 10\u2103<\/p>\n<\/li>\n<li data-start=\"7903\" data-end=\"7933\">\n<p data-start=\"7905\" data-end=\"7933\">Th\u1eddi h\u1ea1n s\u1eed d\u1ee5ng: 12 th\u00e1ng (&lt; 10\u2103); 24 th\u00e1ng (\u2264 -18\u2103)<\/p>\n<\/li>\n<li data-start=\"7903\" data-end=\"7933\">\n<p data-start=\"7905\" data-end=\"7933\">Quy c\u00e1ch \u0111\u00f3ng g\u00f3i: T\u00fai 5kg, 10kg, 20kg, 50kg, 200kg ho\u1eb7c theo y\u00eau c\u1ea7u kh\u00e1ch h\u00e0ng<\/p>\n<\/li>\n<li data-start=\"7903\" data-end=\"7933\">\n<p data-start=\"7905\" data-end=\"7933\">M\u00f9a v\u1ee5 t\u1ea1i Vi\u1ec7t Nam: Ch\u1ee7 y\u1ebfu t\u1eeb th\u00e1ng 5 \u2013 th\u00e1ng 10, c\u00f3 th\u1ec3 cung \u1ee9ng quanh n\u0103m theo v\u00f9ng tr\u1ed3ng<\/p>\n<\/li>\n<li data-start=\"7903\" data-end=\"7933\">\n<p data-start=\"7905\" data-end=\"7933\">\u1ee8ng d\u1ee5ng: Sinh t\u1ed1, \u0111\u1ed3 u\u1ed1ng, kem, s\u1ea3n ph\u1ea9m th\u1ef1c ph\u1ea9m ch\u1ebf bi\u1ebfn<\/p>\n<\/li>\n<\/ul>\n","protected":false},"excerpt":{"rendered":"<p>S\u1ea3n ph\u1ea9m \u0111\u01b0\u1ee3c ch\u1ebf bi\u1ebfn t\u1eeb m\u00e3ng c\u1ea7u t\u01b0\u01a1i ch\u1ecdn l\u1ecdc, gi\u1eef tr\u1ecdn h\u01b0\u01a1ng th\u01a1m \u0111\u1eb7c tr\u01b0ng v\u00e0 v\u1ecb chua ng\u1ecdt t\u1ef1 nhi\u00ean c\u1ee7a tr\u00e1i m\u00e3ng c\u1ea7u, ph\u00f9 h\u1ee3p cho nhi\u1ec1u \u1ee9ng d\u1ee5ng trong ng\u00e0nh th\u1ef1c ph\u1ea9m v\u00e0 \u0111\u1ed3 u\u1ed1ng.<\/p>\n","protected":false},"featured_media":662,"comment_status":"open","ping_status":"closed","template":"","meta":[],"product_brand":[],"product_cat":[38,98],"product_tag":[],"class_list":{"0":"post-803","1":"product","2":"type-product","3":"status-publish","4":"has-post-thumbnail","6":"product_cat-puree-juice-vi","7":"product_cat-mang-cau","9":"first","10":"instock","11":"shipping-taxable","12":"product-type-simple"},"_links":{"self":[{"href":"https:\/\/www.megafruit.vn\/vi\/wp-json\/wp\/v2\/product\/803","targetHints":{"allow":["GET"]}}],"collection":[{"href":"https:\/\/www.megafruit.vn\/vi\/wp-json\/wp\/v2\/product"}],"about":[{"href":"https:\/\/www.megafruit.vn\/vi\/wp-json\/wp\/v2\/types\/product"}],"replies":[{"embeddable":true,"href":"https:\/\/www.megafruit.vn\/vi\/wp-json\/wp\/v2\/comments?post=803"}],"wp:featuredmedia":[{"embeddable":true,"href":"https:\/\/www.megafruit.vn\/vi\/wp-json\/wp\/v2\/media\/662"}],"wp:attachment":[{"href":"https:\/\/www.megafruit.vn\/vi\/wp-json\/wp\/v2\/media?parent=803"}],"wp:term":[{"taxonomy":"product_brand","embeddable":true,"href":"https:\/\/www.megafruit.vn\/vi\/wp-json\/wp\/v2\/product_brand?post=803"},{"taxonomy":"product_cat","embeddable":true,"href":"https:\/\/www.megafruit.vn\/vi\/wp-json\/wp\/v2\/product_cat?post=803"},{"taxonomy":"product_tag","embeddable":true,"href":"https:\/\/www.megafruit.vn\/vi\/wp-json\/wp\/v2\/product_tag?post=803"}],"curies":[{"name":"wp","href":"https:\/\/api.w.org\/{rel}","templated":true}]}}