{"id":800,"date":"2025-12-22T01:31:23","date_gmt":"2025-12-21T18:31:23","guid":{"rendered":"https:\/\/megafruit.vn\/?post_type=product&#038;p=800"},"modified":"2026-01-27T14:51:16","modified_gmt":"2026-01-27T07:51:16","slug":"thanh-long-trang-va-do","status":"publish","type":"product","link":"https:\/\/www.megafruit.vn\/vi\/product\/thanh-long-trang-va-do\/","title":{"rendered":"Thanh Long (tr\u1eafng v\u00e0 \u0111\u1ecf)"},"content":{"rendered":"<ul>\n<li data-start=\"6784\" data-end=\"6814\">\n<p data-start=\"6786\" data-end=\"6814\">\u0110\u1ed9 Brix (tham kh\u1ea3o): 12 \u2013 16\u00b0Bx<\/p>\n<\/li>\n<li data-start=\"6784\" data-end=\"6814\">\n<p data-start=\"6786\" data-end=\"6814\">\u0110i\u1ec1u ki\u1ec7n b\u1ea3o qu\u1ea3n: \u2264 -18\u2103 ho\u1eb7c &lt; 10\u2103<\/p>\n<\/li>\n<li data-start=\"6784\" data-end=\"6814\">\n<p data-start=\"6786\" data-end=\"6814\">Th\u1eddi h\u1ea1n s\u1eed d\u1ee5ng: 12 th\u00e1ng (&lt; 10\u2103); 24 th\u00e1ng (\u2264 -18\u2103)<\/p>\n<\/li>\n<li data-start=\"6784\" data-end=\"6814\">\n<p data-start=\"6786\" data-end=\"6814\">Quy c\u00e1ch \u0111\u00f3ng g\u00f3i: T\u00fai 5kg, 10kg, 20kg, 50kg, 200kg ho\u1eb7c theo y\u00eau c\u1ea7u<\/p>\n<\/li>\n<li data-start=\"6784\" data-end=\"6814\">\n<p data-start=\"6786\" data-end=\"6814\">M\u00f9a v\u1ee5 t\u1ea1i Vi\u1ec7t Nam: Quanh n\u0103m, cao \u0111i\u1ec3m t\u1eeb th\u00e1ng 5 \u2013 th\u00e1ng 10<\/p>\n<\/li>\n<li data-start=\"6784\" data-end=\"6814\">\n<p data-start=\"6786\" data-end=\"6814\">\u1ee8ng d\u1ee5ng: N\u01b0\u1edbc u\u1ed1ng, th\u1ef1c ph\u1ea9m, pha ch\u1ebf<\/p>\n<\/li>\n<\/ul>\n","protected":false},"excerpt":{"rendered":"<p>Thanh long puree nguy\u00ean ch\u1ea5t t\u1eeb thanh long t\u01b0\u01a1i, gi\u1eef m\u00e0u s\u1eafc t\u1ef1 nhi\u00ean v\u00e0 h\u01b0\u01a1ng v\u1ecb \u0111\u1eb7c tr\u01b0ng.<\/p>\n","protected":false},"featured_media":652,"comment_status":"open","ping_status":"closed","template":"","meta":[],"product_brand":[],"product_cat":[38,92],"product_tag":[],"class_list":{"0":"post-800","1":"product","2":"type-product","3":"status-publish","4":"has-post-thumbnail","6":"product_cat-puree-juice-vi","7":"product_cat-thanh-long-trang-va-do","9":"first","10":"instock","11":"shipping-taxable","12":"product-type-simple"},"_links":{"self":[{"href":"https:\/\/www.megafruit.vn\/vi\/wp-json\/wp\/v2\/product\/800","targetHints":{"allow":["GET"]}}],"collection":[{"href":"https:\/\/www.megafruit.vn\/vi\/wp-json\/wp\/v2\/product"}],"about":[{"href":"https:\/\/www.megafruit.vn\/vi\/wp-json\/wp\/v2\/types\/product"}],"replies":[{"embeddable":true,"href":"https:\/\/www.megafruit.vn\/vi\/wp-json\/wp\/v2\/comments?post=800"}],"wp:featuredmedia":[{"embeddable":true,"href":"https:\/\/www.megafruit.vn\/vi\/wp-json\/wp\/v2\/media\/652"}],"wp:attachment":[{"href":"https:\/\/www.megafruit.vn\/vi\/wp-json\/wp\/v2\/media?parent=800"}],"wp:term":[{"taxonomy":"product_brand","embeddable":true,"href":"https:\/\/www.megafruit.vn\/vi\/wp-json\/wp\/v2\/product_brand?post=800"},{"taxonomy":"product_cat","embeddable":true,"href":"https:\/\/www.megafruit.vn\/vi\/wp-json\/wp\/v2\/product_cat?post=800"},{"taxonomy":"product_tag","embeddable":true,"href":"https:\/\/www.megafruit.vn\/vi\/wp-json\/wp\/v2\/product_tag?post=800"}],"curies":[{"name":"wp","href":"https:\/\/api.w.org\/{rel}","templated":true}]}}