{"id":799,"date":"2025-12-22T01:29:42","date_gmt":"2025-12-21T18:29:42","guid":{"rendered":"https:\/\/megafruit.vn\/?post_type=product&#038;p=799"},"modified":"2026-01-27T14:51:11","modified_gmt":"2026-01-27T07:51:11","slug":"oi","status":"publish","type":"product","link":"https:\/\/www.megafruit.vn\/vi\/product\/oi\/","title":{"rendered":"\u1ed4i"},"content":{"rendered":"<ul>\n<li data-start=\"6418\" data-end=\"6448\">\n<p data-start=\"6420\" data-end=\"6448\">\u0110i\u1ec1u ki\u1ec7n b\u1ea3o qu\u1ea3n: \u2264 -18\u2103 ho\u1eb7c &lt; 10\u2103<\/p>\n<\/li>\n<li data-start=\"6418\" data-end=\"6448\">\n<p data-start=\"6420\" data-end=\"6448\">Th\u1eddi h\u1ea1n s\u1eed d\u1ee5ng: 12 th\u00e1ng (&lt; 10\u2103); 24 th\u00e1ng (\u2264 -18\u2103)<\/p>\n<\/li>\n<li data-start=\"6418\" data-end=\"6448\">\n<p data-start=\"6420\" data-end=\"6448\">Th\u1eddi h\u1ea1n s\u1eed d\u1ee5ng: 12 th\u00e1ng; 24 th\u00e1ng<\/p>\n<\/li>\n<li data-start=\"6418\" data-end=\"6448\">\n<p data-start=\"6420\" data-end=\"6448\">Quy c\u00e1ch \u0111\u00f3ng g\u00f3i: T\u00fai 5kg, 10kg, 20kg, 50kg, 200kg ho\u1eb7c theo y\u00eau c\u1ea7u<\/p>\n<\/li>\n<li data-start=\"6418\" data-end=\"6448\">\n<p data-start=\"6420\" data-end=\"6448\">M\u00f9a v\u1ee5 t\u1ea1i Vi\u1ec7t Nam: Quanh n\u0103m, s\u1ea3n l\u01b0\u1ee3ng cao v\u00e0o c\u00e1c m\u00f9a thu\u1eadn theo v\u00f9ng<\/p>\n<\/li>\n<li data-start=\"6418\" data-end=\"6448\">\n<p data-start=\"6420\" data-end=\"6448\">\u1ee8ng d\u1ee5ng: Sinh t\u1ed1, \u0111\u1ed3 u\u1ed1ng, s\u1ea3n ph\u1ea9m ch\u1ebf bi\u1ebfn<\/p>\n<\/li>\n<\/ul>\n","protected":false},"excerpt":{"rendered":"<p>S\u1ea3n ph\u1ea9m \u0111\u01b0\u1ee3c ch\u1ebf bi\u1ebfn t\u1eeb \u1ed5i t\u01b0\u01a1i, gi\u1eef h\u01b0\u01a1ng th\u01a1m v\u00e0 v\u1ecb ng\u1ecdt thanh t\u1ef1 nhi\u00ean, ph\u00f9 h\u1ee3p cho nhi\u1ec1u \u1ee9ng d\u1ee5ng ch\u1ebf bi\u1ebfn<\/p>\n","protected":false},"featured_media":649,"comment_status":"open","ping_status":"closed","template":"","meta":[],"product_brand":[],"product_cat":[38,93],"product_tag":[],"class_list":{"0":"post-799","1":"product","2":"type-product","3":"status-publish","4":"has-post-thumbnail","6":"product_cat-puree-juice-vi","7":"product_cat-oi","9":"first","10":"instock","11":"shipping-taxable","12":"product-type-simple"},"_links":{"self":[{"href":"https:\/\/www.megafruit.vn\/vi\/wp-json\/wp\/v2\/product\/799","targetHints":{"allow":["GET"]}}],"collection":[{"href":"https:\/\/www.megafruit.vn\/vi\/wp-json\/wp\/v2\/product"}],"about":[{"href":"https:\/\/www.megafruit.vn\/vi\/wp-json\/wp\/v2\/types\/product"}],"replies":[{"embeddable":true,"href":"https:\/\/www.megafruit.vn\/vi\/wp-json\/wp\/v2\/comments?post=799"}],"wp:featuredmedia":[{"embeddable":true,"href":"https:\/\/www.megafruit.vn\/vi\/wp-json\/wp\/v2\/media\/649"}],"wp:attachment":[{"href":"https:\/\/www.megafruit.vn\/vi\/wp-json\/wp\/v2\/media?parent=799"}],"wp:term":[{"taxonomy":"product_brand","embeddable":true,"href":"https:\/\/www.megafruit.vn\/vi\/wp-json\/wp\/v2\/product_brand?post=799"},{"taxonomy":"product_cat","embeddable":true,"href":"https:\/\/www.megafruit.vn\/vi\/wp-json\/wp\/v2\/product_cat?post=799"},{"taxonomy":"product_tag","embeddable":true,"href":"https:\/\/www.megafruit.vn\/vi\/wp-json\/wp\/v2\/product_tag?post=799"}],"curies":[{"name":"wp","href":"https:\/\/api.w.org\/{rel}","templated":true}]}}