{"id":796,"date":"2025-12-22T01:25:08","date_gmt":"2025-12-21T18:25:08","guid":{"rendered":"https:\/\/megafruit.vn\/?post_type=product&#038;p=796"},"modified":"2026-01-27T14:50:57","modified_gmt":"2026-01-27T07:50:57","slug":"dua","status":"publish","type":"product","link":"https:\/\/www.megafruit.vn\/vi\/product\/dua\/","title":{"rendered":"D\u1ee9a"},"content":{"rendered":"<ul>\n<li data-start=\"5674\" data-end=\"5704\">\n<p data-start=\"5676\" data-end=\"5704\">\u0110\u1ed9 Brix (tham kh\u1ea3o): 12 \u2013 16\u00b0Bx<\/p>\n<\/li>\n<li data-start=\"5674\" data-end=\"5704\">\n<p data-start=\"5676\" data-end=\"5704\">\u0110i\u1ec1u ki\u1ec7n b\u1ea3o qu\u1ea3n: \u2264 -18\u2103 ho\u1eb7c &lt; 10\u2103<\/p>\n<\/li>\n<li data-start=\"5674\" data-end=\"5704\">\n<p data-start=\"5676\" data-end=\"5704\">Th\u1eddi h\u1ea1n s\u1eed d\u1ee5ng: 12 th\u00e1ng (&lt; 10\u2103); 24 th\u00e1ng (\u2264 -18\u2103)<\/p>\n<\/li>\n<li data-start=\"5674\" data-end=\"5704\">\n<p data-start=\"5676\" data-end=\"5704\">Quy c\u00e1ch \u0111\u00f3ng g\u00f3i: T\u00fai 5kg, 10kg, 20kg, 50kg, 200kg ho\u1eb7c theo y\u00eau c\u1ea7u<\/p>\n<\/li>\n<li data-start=\"5674\" data-end=\"5704\">\n<p data-start=\"5676\" data-end=\"5704\">M\u00f9a v\u1ee5 t\u1ea1i Vi\u1ec7t Nam: Th\u00e1ng 5 \u2013 th\u00e1ng 8 l\u00e0 m\u00f9a ch\u00ednh, c\u00f3 th\u1ec3 thu ho\u1ea1ch k\u00e9o d\u00e0i theo v\u00f9ng<\/p>\n<\/li>\n<li data-start=\"5674\" data-end=\"5704\">\n<p data-start=\"5676\" data-end=\"5704\">\u1ee8ng d\u1ee5ng: \u0110\u1ed3 u\u1ed1ng, b\u00e1nh, n\u01b0\u1edbc s\u1ed1t, th\u1ef1c ph\u1ea9m ch\u1ebf bi\u1ebfn<\/p>\n<\/li>\n<\/ul>\n","protected":false},"excerpt":{"rendered":"<p>D\u1ee9a puree \u0111\u01b0\u1ee3c ch\u1ebf bi\u1ebfn t\u1eeb d\u1ee9a t\u01b0\u01a1i, gi\u1eef v\u1ecb chua ng\u1ecdt h\u00e0i h\u00f2a v\u00e0 h\u01b0\u01a1ng th\u01a1m \u0111\u1eb7c tr\u01b0ng, nguy\u00ean ch\u1ea5t, kh\u00f4ng ph\u1ee5 gia.<\/p>\n","protected":false},"featured_media":643,"comment_status":"open","ping_status":"closed","template":"","meta":[],"product_brand":[],"product_cat":[38,97],"product_tag":[],"class_list":{"0":"post-796","1":"product","2":"type-product","3":"status-publish","4":"has-post-thumbnail","6":"product_cat-puree-juice-vi","7":"product_cat-dua","9":"first","10":"instock","11":"shipping-taxable","12":"product-type-simple"},"_links":{"self":[{"href":"https:\/\/www.megafruit.vn\/vi\/wp-json\/wp\/v2\/product\/796","targetHints":{"allow":["GET"]}}],"collection":[{"href":"https:\/\/www.megafruit.vn\/vi\/wp-json\/wp\/v2\/product"}],"about":[{"href":"https:\/\/www.megafruit.vn\/vi\/wp-json\/wp\/v2\/types\/product"}],"replies":[{"embeddable":true,"href":"https:\/\/www.megafruit.vn\/vi\/wp-json\/wp\/v2\/comments?post=796"}],"wp:featuredmedia":[{"embeddable":true,"href":"https:\/\/www.megafruit.vn\/vi\/wp-json\/wp\/v2\/media\/643"}],"wp:attachment":[{"href":"https:\/\/www.megafruit.vn\/vi\/wp-json\/wp\/v2\/media?parent=796"}],"wp:term":[{"taxonomy":"product_brand","embeddable":true,"href":"https:\/\/www.megafruit.vn\/vi\/wp-json\/wp\/v2\/product_brand?post=796"},{"taxonomy":"product_cat","embeddable":true,"href":"https:\/\/www.megafruit.vn\/vi\/wp-json\/wp\/v2\/product_cat?post=796"},{"taxonomy":"product_tag","embeddable":true,"href":"https:\/\/www.megafruit.vn\/vi\/wp-json\/wp\/v2\/product_tag?post=796"}],"curies":[{"name":"wp","href":"https:\/\/api.w.org\/{rel}","templated":true}]}}