{"id":795,"date":"2025-12-22T01:24:28","date_gmt":"2025-12-21T18:24:28","guid":{"rendered":"https:\/\/megafruit.vn\/?post_type=product&#038;p=795"},"modified":"2026-01-27T14:50:27","modified_gmt":"2026-01-27T07:50:27","slug":"chanh-day-2","status":"publish","type":"product","link":"https:\/\/www.megafruit.vn\/vi\/product\/chanh-day-2\/","title":{"rendered":"Chanh D\u00e2y"},"content":{"rendered":"<ul data-start=\"5213\" data-end=\"5507\">\n<li data-start=\"5213\" data-end=\"5243\">\n<p data-start=\"5215\" data-end=\"5243\">\u0110\u1ed9 Brix (tham kh\u1ea3o): 13 \u2013 18\u00b0Bx<\/p>\n<\/li>\n<li data-start=\"5213\" data-end=\"5243\">\n<p data-start=\"5215\" data-end=\"5243\">\u0110i\u1ec1u ki\u1ec7n b\u1ea3o qu\u1ea3n: \u2264 -18\u2103 ho\u1eb7c &lt; 10\u2103<\/p>\n<\/li>\n<li data-start=\"5213\" data-end=\"5243\">\n<p data-start=\"5215\" data-end=\"5243\">Th\u1eddi h\u1ea1n s\u1eed d\u1ee5ng: 12 th\u00e1ng (&lt; 10\u2103); 24 th\u00e1ng (\u2264 -18\u2103)<\/p>\n<\/li>\n<li data-start=\"5213\" data-end=\"5243\">\n<p data-start=\"5215\" data-end=\"5243\">Quy c\u00e1ch \u0111\u00f3ng g\u00f3i: T\u00fai 5kg, 10kg, 20kg, 50kg, 200kg ho\u1eb7c theo y\u00eau c\u1ea7u<\/p>\n<\/li>\n<li data-start=\"5213\" data-end=\"5243\">\n<p data-start=\"5215\" data-end=\"5243\">M\u00f9a v\u1ee5 t\u1ea1i Vi\u1ec7t Nam: Th\u00e1ng 5 \u2013 th\u00e1ng 8 v\u00e0 th\u00e1ng 11 \u2013 th\u00e1ng 1 (hai v\u1ee5 ch\u00ednh t\u00f9y v\u00f9ng tr\u1ed3ng)<\/p>\n<\/li>\n<li data-start=\"5213\" data-end=\"5243\">\n<p data-start=\"5215\" data-end=\"5243\">\u1ee8ng d\u1ee5ng: N\u01b0\u1edbc u\u1ed1ng, \u0111\u1ed3 \u0111\u00f4ng l\u1ea1nh, ch\u1ebf bi\u1ebfn th\u1ef1c ph\u1ea9m<\/p>\n<\/li>\n<\/ul>\n","protected":false},"excerpt":{"rendered":"<p>\u0110\u01b0\u1ee3c s\u1ea3n xu\u1ea5t t\u1eeb chanh d\u00e2y t\u01b0\u01a1i ch\u1ecdn l\u1ecdc, h\u01b0\u01a1ng v\u1ecb chua ng\u1ecdt \u0111\u1eb7c tr\u01b0ng, m\u00e0u s\u1eafc \u1ed5n \u0111\u1ecbnh, s\u1ea3n ph\u1ea9m nguy\u00ean ch\u1ea5t, kh\u00f4ng ch\u1ea5t b\u1ea3o qu\u1ea3n<\/p>\n","protected":false},"featured_media":640,"comment_status":"open","ping_status":"closed","template":"","meta":[],"product_brand":[],"product_cat":[38,96],"product_tag":[],"class_list":{"0":"post-795","1":"product","2":"type-product","3":"status-publish","4":"has-post-thumbnail","6":"product_cat-puree-juice-vi","7":"product_cat-chanh-day","9":"first","10":"instock","11":"shipping-taxable","12":"product-type-simple"},"_links":{"self":[{"href":"https:\/\/www.megafruit.vn\/vi\/wp-json\/wp\/v2\/product\/795","targetHints":{"allow":["GET"]}}],"collection":[{"href":"https:\/\/www.megafruit.vn\/vi\/wp-json\/wp\/v2\/product"}],"about":[{"href":"https:\/\/www.megafruit.vn\/vi\/wp-json\/wp\/v2\/types\/product"}],"replies":[{"embeddable":true,"href":"https:\/\/www.megafruit.vn\/vi\/wp-json\/wp\/v2\/comments?post=795"}],"wp:featuredmedia":[{"embeddable":true,"href":"https:\/\/www.megafruit.vn\/vi\/wp-json\/wp\/v2\/media\/640"}],"wp:attachment":[{"href":"https:\/\/www.megafruit.vn\/vi\/wp-json\/wp\/v2\/media?parent=795"}],"wp:term":[{"taxonomy":"product_brand","embeddable":true,"href":"https:\/\/www.megafruit.vn\/vi\/wp-json\/wp\/v2\/product_brand?post=795"},{"taxonomy":"product_cat","embeddable":true,"href":"https:\/\/www.megafruit.vn\/vi\/wp-json\/wp\/v2\/product_cat?post=795"},{"taxonomy":"product_tag","embeddable":true,"href":"https:\/\/www.megafruit.vn\/vi\/wp-json\/wp\/v2\/product_tag?post=795"}],"curies":[{"name":"wp","href":"https:\/\/api.w.org\/{rel}","templated":true}]}}